{"id":17,"date":"2025-05-27T18:48:38","date_gmt":"2025-05-27T18:48:38","guid":{"rendered":"https:\/\/ocorte.es\/?page_id=17"},"modified":"2025-05-28T16:31:03","modified_gmt":"2025-05-28T16:31:03","slug":"17-2","status":"publish","type":"page","link":"https:\/\/ocorte.es\/","title":{"rendered":"O&#8217;CORTE GOURMET"},"content":{"rendered":"\n<div class=\"wp-block-group alignfull is-style-section-2 has-global-padding is-layout-constrained wp-block-group-is-layout-constrained is-style-section-2--1\" style=\"margin-top:0;margin-bottom:0;padding-top:var(--wp--preset--spacing--60);padding-bottom:var(--wp--preset--spacing--60)\">\n<div class=\"wp-block-columns alignwide is-layout-flex wp-container-core-columns-is-layout-643ced6b wp-block-columns-is-layout-flex\">\n<div class=\"wp-block-column is-layout-flow wp-block-column-is-layout-flow\" style=\"flex-basis:40%\">\n<figure class=\"wp-block-image size-full\"><img loading=\"lazy\" decoding=\"async\" width=\"480\" height=\"640\" src=\"https:\/\/ocorte.es\/wp-content\/uploads\/2025\/05\/o-corte-malaga-rotated.jpg\" alt=\"\" class=\"wp-image-11\" srcset=\"https:\/\/ocorte.es\/wp-content\/uploads\/2025\/05\/o-corte-malaga-rotated.jpg 480w, https:\/\/ocorte.es\/wp-content\/uploads\/2025\/05\/o-corte-malaga-225x300.jpg 225w\" sizes=\"auto, (max-width: 480px) 100vw, 480px\" \/><\/figure>\n<\/div>\n\n\n\n<div class=\"wp-block-column is-vertically-aligned-center is-layout-flow wp-container-core-column-is-layout-119bc444 wp-block-column-is-layout-flow\" style=\"flex-basis:60%\">\n<h2 class=\"wp-block-heading has-xx-large-font-size\">CHARCUTER\u00cdA O&#8217;CORTE<\/h2>\n\n\n\n<p><strong>Charcuter\u00eda O&#8217;corte<\/strong> somos una destacada tienda gourmet ubicada en el Mercado de Atarazanas, en pleno centro hist\u00f3rico de M\u00e1laga. Reconocida por su atenci\u00f3n personalizada y productos de alta calidad, esta charcuter\u00eda se ha ganado la preferencia de locales y visitantes. Los clientes destacan la excelente relaci\u00f3n calidad-precio y la posibilidad de realizar encargos para eventos especiales<a href=\"https:\/\/www.tripadvisor.es\/ShowUserReviews-g187438-d24182631-r961279125-Charcuteria_O_corte-Malaga_Costa_del_Sol_Province_of_Malaga_Andalucia.html?utm_source=chatgpt.com\" target=\"_blank\" rel=\"noreferrer noopener\">.<\/a><\/p>\n\n\n\n<p>Ofrecemos una amplia selecci\u00f3n de embutidos, quesos y delicatessen, tanto nacionales como internacionales. Su ubicaci\u00f3n en el Mercado de Atarazanas, un lugar emblem\u00e1tico de la ciudad, permite a los visitantes disfrutar de una experiencia aut\u00e9ntica y tradicional. Adem\u00e1s, la atenci\u00f3n al cliente es uno de sus puntos fuertes, brindando un servicio cercano y profesional.<\/p>\n\n\n\n<p>Para quienes buscan productos gourmet de calidad en M\u00e1laga, Charcuter\u00eda O&#8217;corte representa una parada obligatoria. Nuestra combinaci\u00f3n de tradici\u00f3n, calidad y servicio nos convierte en una de las tiendas m\u00e1s recomendadas de la ciudad.<\/p>\n\n\n\n<div class=\"wp-block-group is-vertical is-layout-flex wp-container-core-group-is-layout-41e20069 wp-block-group-is-layout-flex\">\n<h3 class=\"wp-block-heading has-small-font-size\" style=\"font-style:normal;font-weight:600;letter-spacing:1px;text-transform:uppercase\">Subscribe on your favorite platform<\/h3>\n\n\n\n<div class=\"wp-block-group is-layout-flex wp-block-group-is-layout-flex\">\n<p class=\"is-style-text-annotation is-style-text-annotation--2\">Instagram<\/p>\n\n\n\n<p class=\"is-style-text-annotation is-style-text-annotation--3\">TikTok<\/p>\n\n\n\n<p class=\"is-style-text-annotation is-style-text-annotation--4\">YouTube<\/p>\n<\/div>\n<\/div>\n<\/div>\n<\/div>\n<\/div>\n\n\n\n<div class=\"wp-block-group alignfull is-style-section-5 has-global-padding is-layout-constrained wp-block-group-is-layout-constrained is-style-section-5--5\" style=\"margin-top:0;margin-bottom:0;padding-top:var(--wp--preset--spacing--50);padding-bottom:var(--wp--preset--spacing--50)\">\n<div class=\"wp-block-columns alignwide is-layout-flex wp-container-core-columns-is-layout-7ee84d44 wp-block-columns-is-layout-flex\">\n<div class=\"wp-block-column is-vertically-aligned-center is-layout-flow wp-block-column-is-layout-flow\" style=\"flex-basis:50%\">\n<h2 class=\"wp-block-heading\">O&#8217;Corte Charcuter\u00eda<\/h2>\n\n\n\n<p class=\"has-medium-font-size\">Nuestro equipo se distingue por brindar un servicio personalizado, asesorando a los clientes en la elecci\u00f3n de productos y en la elaboraci\u00f3n de tablas gourmet adaptadas a cada ocasi\u00f3n. Adem\u00e1s, O&#8217;Corte se destaca por su compromiso con la excelencia y la autenticidad, buscando siempre ofrecer una experiencia culinaria \u00fanica. Ya sea para un regalo especial, un evento o para disfrutar en casa, O&#8217;Corte es la elecci\u00f3n perfecta para los amantes de la buena gastronom\u00eda.<\/p>\n<\/div>\n\n\n\n<div class=\"wp-block-column is-vertically-aligned-center is-layout-flow wp-block-column-is-layout-flow\" style=\"flex-basis:50%\">\n<figure class=\"wp-block-image size-full\"><img loading=\"lazy\" decoding=\"async\" width=\"480\" height=\"640\" src=\"https:\/\/ocorte.es\/wp-content\/uploads\/2025\/05\/charcuteria-o-corte-malaga-rotated.jpg\" alt=\"\" class=\"wp-image-10\" style=\"aspect-ratio:1;object-fit:cover\" srcset=\"https:\/\/ocorte.es\/wp-content\/uploads\/2025\/05\/charcuteria-o-corte-malaga-rotated.jpg 480w, https:\/\/ocorte.es\/wp-content\/uploads\/2025\/05\/charcuteria-o-corte-malaga-225x300.jpg 225w\" sizes=\"auto, (max-width: 480px) 100vw, 480px\" \/><\/figure>\n<\/div>\n<\/div>\n<\/div>\n\n\n\n<div class=\"wp-block-group alignfull is-style-section-1 has-global-padding is-layout-constrained wp-block-group-is-layout-constrained is-style-section-1--6\" style=\"margin-top:0;margin-bottom:0;padding-top:var(--wp--preset--spacing--80);padding-bottom:var(--wp--preset--spacing--80)\">\n<h2 class=\"wp-block-heading has-text-align-center\">EMBUTIDOS <\/h2>\n\n\n\n<div style=\"height:var(--wp--preset--spacing--30)\" aria-hidden=\"true\" class=\"wp-block-spacer\"><\/div>\n\n\n\n<div class=\"wp-block-group alignwide is-content-justification-center is-layout-flex wp-container-core-group-is-layout-2c471116 wp-block-group-is-layout-flex\">\n\n\n\n\n\n\n\n<\/div>\n<\/div>\n\n\n\n<div class=\"wp-block-group alignfull has-global-padding is-layout-constrained wp-container-core-group-is-layout-ebee8dc1 wp-block-group-is-layout-constrained\" style=\"margin-top:0;margin-bottom:0;padding-top:var(--wp--preset--spacing--50);padding-bottom:var(--wp--preset--spacing--50)\">\n<div class=\"wp-block-group alignwide is-content-justification-space-between is-layout-flex wp-container-core-group-is-layout-9366075c wp-block-group-is-layout-flex\">\n<h2 class=\"wp-block-heading alignwide has-text-align-left is-style-text-subtitle has-x-large-font-size is-style-text-subtitle--7\">ALGUNOS DE NUESTROS PRODUCTOS<\/h2>\n\n\n\n<p class=\"is-style-text-annotation is-style-text-annotation--8\">Productos<\/p>\n<\/div>\n\n\n\n<div class=\"wp-block-group alignwide is-layout-grid wp-container-core-group-is-layout-1ce758a5 wp-block-group-is-layout-grid\">\n<figure class=\"wp-block-video\"><\/figure>\n\n\n\n<figure class=\"wp-block-video\"><\/figure>\n\n\n\n<figure class=\"wp-block-video\"><\/figure>\n\n\n\n<figure class=\"wp-block-video\"><\/figure>\n\n\n\n<figure class=\"wp-block-video\"><\/figure>\n\n\n\n<figure class=\"wp-block-video\"><\/figure>\n<\/div>\n<\/div>\n\n\n\n<aside class=\"wp-block-group alignfull is-style-section-3 has-global-padding is-layout-constrained wp-container-core-group-is-layout-f0f2a97b wp-block-group-is-layout-constrained is-style-section-3--9\" style=\"margin-top:0;margin-bottom:0;padding-top:var(--wp--preset--spacing--50);padding-right:var(--wp--preset--spacing--50);padding-bottom:var(--wp--preset--spacing--50);padding-left:var(--wp--preset--spacing--50)\">\n<div class=\"wp-block-group is-vertical is-content-justification-center is-layout-flex wp-container-core-group-is-layout-8778ca4a wp-block-group-is-layout-flex\" style=\"min-height:360px;margin-top:0;margin-bottom:0\">\n<h2 class=\"wp-block-heading has-text-align-center has-xx-large-font-size\">S\u00edguenos en Instagram<\/h2>\n\n\n\n<p class=\"has-text-align-center is-style-text-subtitle is-style-text-subtitle--10\">S\u00edguenos en nuestras redes sociales para no perderte ninguna de nuestras novedades<\/p>\n\n\n\n<div style=\"height:0px\" aria-hidden=\"true\" class=\"wp-block-spacer wp-container-content-62aae154\"><\/div>\n\n\n\n<div class=\"wp-block-buttons is-content-justification-center is-layout-flex wp-container-core-buttons-is-layout-a89b3969 wp-block-buttons-is-layout-flex\">\n<div class=\"wp-block-button\"><a class=\"wp-block-button__link has-text-align-center wp-element-button\">INSTAGRAM<\/a><\/div>\n<\/div>\n<\/div>\n<\/aside>\n","protected":false},"excerpt":{"rendered":"<p>CHARCUTER\u00cdA O&#8217;CORTE Charcuter\u00eda O&#8217;corte somos una destacada tienda gourmet ubicada en el Mercado de Atarazanas, en pleno centro hist\u00f3rico de M\u00e1laga. Reconocida por su atenci\u00f3n personalizada y productos de alta calidad, esta charcuter\u00eda se ha ganado la preferencia de locales y visitantes. Los clientes destacan la excelente relaci\u00f3n calidad-precio y la posibilidad de realizar encargos [&hellip;]<\/p>\n","protected":false},"author":1,"featured_media":0,"parent":0,"menu_order":0,"comment_status":"closed","ping_status":"closed","template":"","meta":{"footnotes":""},"class_list":["post-17","page","type-page","status-publish","hentry"],"_links":{"self":[{"href":"https:\/\/ocorte.es\/index.php?rest_route=\/wp\/v2\/pages\/17","targetHints":{"allow":["GET"]}}],"collection":[{"href":"https:\/\/ocorte.es\/index.php?rest_route=\/wp\/v2\/pages"}],"about":[{"href":"https:\/\/ocorte.es\/index.php?rest_route=\/wp\/v2\/types\/page"}],"author":[{"embeddable":true,"href":"https:\/\/ocorte.es\/index.php?rest_route=\/wp\/v2\/users\/1"}],"replies":[{"embeddable":true,"href":"https:\/\/ocorte.es\/index.php?rest_route=%2Fwp%2Fv2%2Fcomments&post=17"}],"version-history":[{"count":12,"href":"https:\/\/ocorte.es\/index.php?rest_route=\/wp\/v2\/pages\/17\/revisions"}],"predecessor-version":[{"id":29,"href":"https:\/\/ocorte.es\/index.php?rest_route=\/wp\/v2\/pages\/17\/revisions\/29"}],"wp:attachment":[{"href":"https:\/\/ocorte.es\/index.php?rest_route=%2Fwp%2Fv2%2Fmedia&parent=17"}],"curies":[{"name":"wp","href":"https:\/\/api.w.org\/{rel}","templated":true}]}}